{"id":12921,"date":"2025-02-10T11:19:04","date_gmt":"2025-02-10T14:19:04","guid":{"rendered":"https:\/\/springschool.me\/?page_id=12921"},"modified":"2025-09-08T13:03:08","modified_gmt":"2025-09-08T16:03:08","slug":"gerenciador-de-arquivos-spring-school","status":"publish","type":"page","link":"https:\/\/springschool.me\/ja\/gerenciador-de-arquivos-spring-school\/","title":{"rendered":"\u30b9\u30d7\u30ea\u30f3\u30b0\u30b9\u30af\u30fc\u30eb\u30d5\u30a1\u30a4\u30eb\u30de\u30cd\u30fc\u30b8\u30e3\u30fc"},"content":{"rendered":"","protected":true},"excerpt":{"rendered":"","protected":true},"author":1,"featured_media":6084,"parent":0,"menu_order":0,"comment_status":"closed","ping_status":"closed","template":"","meta":{"footnotes":""},"class_list":["post-12921","page","type-page","status-publish","post-password-required","hentry"],"yoast_head":"<!-- This site is optimized with the Yoast SEO plugin v24.0 - https:\/\/yoast.com\/wordpress\/plugins\/seo\/ -->\n<title>Gerenciador de Arquivos Spring School - Spring School<\/title>\n<meta name=\"description\" content=\"P\u00e1gina destinada para busca e download dos materiais de aux\u00edlio e suporte as aulas de ingl\u00eas da Escola de Idiomas Spring School.\" \/>\n<meta name=\"robots\" content=\"index, follow, max-snippet:-1, max-image-preview:large, max-video-preview:-1\" \/>\n<link rel=\"canonical\" href=\"https:\/\/springschool.me\/ja\/gerenciador-de-arquivos-spring-school\/\" \/>\n<meta property=\"og:locale\" content=\"ja_JP\" \/>\n<meta property=\"og:type\" content=\"article\" \/>\n<meta property=\"og:title\" content=\"Gerenciador de Arquivos Spring School - Spring School\" \/>\n<meta property=\"og:description\" content=\"P\u00e1gina destinada para busca e download dos materiais de aux\u00edlio e suporte as aulas de ingl\u00eas da Escola de Idiomas Spring School.\" \/>\n<meta property=\"og:url\" content=\"https:\/\/springschool.me\/ja\/gerenciador-de-arquivos-spring-school\/\" \/>\n<meta property=\"og:site_name\" content=\"Spring School\" \/>\n<meta property=\"article:modified_time\" content=\"2025-09-08T16:03:08+00:00\" \/>\n<meta name=\"twitter:card\" content=\"summary_large_image\" \/>\n<meta name=\"twitter:label1\" content=\"\u63a8\u5b9a\u8aad\u307f\u53d6\u308a\u6642\u9593\" \/>\n\t<meta name=\"twitter:data1\" content=\"1\u5206\" \/>\n<script type=\"application\/ld+json\" class=\"yoast-schema-graph\">{\"@context\":\"https:\/\/schema.org\",\"@graph\":[{\"@type\":\"WebPage\",\"@id\":\"https:\/\/springschool.me\/gerenciador-de-arquivos-spring-school\/\",\"url\":\"https:\/\/springschool.me\/gerenciador-de-arquivos-spring-school\/\",\"name\":\"Gerenciador de Arquivos Spring School - Spring School\",\"isPartOf\":{\"@id\":\"https:\/\/springschool.me\/#website\"},\"datePublished\":\"2025-02-10T14:19:04+00:00\",\"dateModified\":\"2025-09-08T16:03:08+00:00\",\"breadcrumb\":{\"@id\":\"https:\/\/springschool.me\/gerenciador-de-arquivos-spring-school\/#breadcrumb\"},\"inLanguage\":\"ja\"},{\"@type\":\"WebSite\",\"@id\":\"https:\/\/springschool.me\/#website\",\"url\":\"https:\/\/springschool.me\/\",\"name\":\"Spring School\",\"description\":\"Escola de Idiomas. Cursos para crian\u00e7as, adolescentes e adutos\",\"potentialAction\":[{\"@type\":\"SearchAction\",\"target\":{\"@type\":\"EntryPoint\",\"urlTemplate\":\"https:\/\/springschool.me\/?s={search_term_string}\"},\"query-input\":{\"@type\":\"PropertyValueSpecification\",\"valueRequired\":true,\"valueName\":\"search_term_string\"}}],\"inLanguage\":\"ja\"}]}<\/script>\n<!-- \/ Yoast SEO plugin. -->","yoast_head_json":{"title":"Gerenciador de Arquivos Spring School - Spring School","description":"P\u00e1gina destinada para busca e download dos materiais de aux\u00edlio e suporte as aulas de ingl\u00eas da Escola de Idiomas Spring School.","robots":{"index":"index","follow":"follow","max-snippet":"max-snippet:-1","max-image-preview":"max-image-preview:large","max-video-preview":"max-video-preview:-1"},"canonical":"https:\/\/springschool.me\/ja\/gerenciador-de-arquivos-spring-school\/","og_locale":"ja_JP","og_type":"article","og_title":"Gerenciador de Arquivos Spring School - Spring School","og_description":"P\u00e1gina destinada para busca e download dos materiais de aux\u00edlio e suporte as aulas de ingl\u00eas da Escola de Idiomas Spring School.","og_url":"https:\/\/springschool.me\/ja\/gerenciador-de-arquivos-spring-school\/","og_site_name":"Spring School","article_modified_time":"2025-09-08T16:03:08+00:00","twitter_card":"summary_large_image","twitter_misc":{"\u63a8\u5b9a\u8aad\u307f\u53d6\u308a\u6642\u9593":"1\u5206"},"schema":{"@context":"https:\/\/schema.org","@graph":[{"@type":"WebPage","@id":"https:\/\/springschool.me\/gerenciador-de-arquivos-spring-school\/","url":"https:\/\/springschool.me\/gerenciador-de-arquivos-spring-school\/","name":"Gerenciador de Arquivos Spring School - Spring School","isPartOf":{"@id":"https:\/\/springschool.me\/#website"},"datePublished":"2025-02-10T14:19:04+00:00","dateModified":"2025-09-08T16:03:08+00:00","breadcrumb":{"@id":"https:\/\/springschool.me\/gerenciador-de-arquivos-spring-school\/#breadcrumb"},"inLanguage":"ja"},{"@type":"WebSite","@id":"https:\/\/springschool.me\/#website","url":"https:\/\/springschool.me\/","name":"Spring School","description":"Escola de Idiomas. Cursos para crian\u00e7as, adolescentes e adutos","potentialAction":[{"@type":"SearchAction","target":{"@type":"EntryPoint","urlTemplate":"https:\/\/springschool.me\/?s={search_term_string}"},"query-input":{"@type":"PropertyValueSpecification","valueRequired":true,"valueName":"search_term_string"}}],"inLanguage":"ja"}]}},"_links":{"self":[{"href":"https:\/\/springschool.me\/ja\/wp-json\/wp\/v2\/pages\/12921","targetHints":{"allow":["GET"]}}],"collection":[{"href":"https:\/\/springschool.me\/ja\/wp-json\/wp\/v2\/pages"}],"about":[{"href":"https:\/\/springschool.me\/ja\/wp-json\/wp\/v2\/types\/page"}],"author":[{"embeddable":true,"href":"https:\/\/springschool.me\/ja\/wp-json\/wp\/v2\/users\/1"}],"replies":[{"embeddable":true,"href":"https:\/\/springschool.me\/ja\/wp-json\/wp\/v2\/comments?post=12921"}],"version-history":[{"count":71,"href":"https:\/\/springschool.me\/ja\/wp-json\/wp\/v2\/pages\/12921\/revisions"}],"predecessor-version":[{"id":15295,"href":"https:\/\/springschool.me\/ja\/wp-json\/wp\/v2\/pages\/12921\/revisions\/15295"}],"wp:featuredmedia":[{"embeddable":true,"href":"https:\/\/springschool.me\/ja\/wp-json\/wp\/v2\/media\/6084"}],"wp:attachment":[{"href":"https:\/\/springschool.me\/ja\/wp-json\/wp\/v2\/media?parent=12921"}],"curies":[{"name":"wp","href":"https:\/\/api.w.org\/{rel}","templated":true}]}}