{"id":9087,"date":"2022-12-20T16:10:23","date_gmt":"2022-12-20T16:10:23","guid":{"rendered":"https:\/\/springschool.me\/?page_id=9087"},"modified":"2025-10-20T12:46:12","modified_gmt":"2025-10-20T15:46:12","slug":"supletivo","status":"publish","type":"page","link":"https:\/\/springschool.me\/en\/supletivo\/","title":{"rendered":"Supplementary"},"content":{"rendered":"<div data-elementor-type=\"wp-page\" data-elementor-id=\"9087\" class=\"elementor elementor-9087\" data-elementor-post-type=\"page\">\n\t\t\t\t\t\t<section class=\"elementor-section elementor-top-section elementor-element elementor-element-3f8bf880 elementor-section-boxed elementor-section-height-default elementor-section-height-default row-top\" data-id=\"3f8bf880\" data-element_type=\"section\" data-settings=\"{&quot;background_background&quot;:&quot;classic&quot;}\">\n\t\t\t\t\t\t<div class=\"elementor-container elementor-column-gap-default\">\n\t\t\t\t\t<div class=\"elementor-column elementor-col-50 elementor-top-column elementor-element elementor-element-281266b1 column-style-top\" data-id=\"281266b1\" data-element_type=\"column\">\n\t\t\t<div class=\"elementor-widget-wrap elementor-element-populated\">\n\t\t\t\t\t\t<div class=\"elementor-element elementor-element-6814a92 elementor-widget elementor-widget-heading\" data-id=\"6814a92\" data-element_type=\"widget\" data-widget_type=\"heading.default\">\n\t\t\t\t<div class=\"elementor-widget-container\">\n\t\t\t<h1 class=\"elementor-heading-title elementor-size-default\">Finish your Studies!<\/h1>\t\t<\/div>\n\t\t\t\t<\/div>\n\t\t\t\t<div class=\"elementor-element elementor-element-63cc724 elementor-widget elementor-widget-text-editor\" data-id=\"63cc724\" data-element_type=\"widget\" data-widget_type=\"text-editor.default\">\n\t\t\t\t<div class=\"elementor-widget-container\">\n\t\t\t\t\t\t\t<p>Fast, safe and extremely didactic supplement you can only find here at <strong>Spring School<\/strong>.<\/p><p>Get better jobs with your school certificate. <em>Make your license plate and transform your future!<\/em><\/p>\t\t\t\t\t\t<\/div>\n\t\t\t\t<\/div>\n\t\t\t\t<section class=\"elementor-section elementor-inner-section elementor-element elementor-element-383601fd elementor-section-boxed elementor-section-height-default elementor-section-height-default row-top\" data-id=\"383601fd\" data-element_type=\"section\">\n\t\t\t\t\t\t<div class=\"elementor-container elementor-column-gap-default\">\n\t\t\t\t\t<div class=\"elementor-column elementor-col-100 elementor-inner-column elementor-element elementor-element-67ca288f column-style-top\" data-id=\"67ca288f\" data-element_type=\"column\">\n\t\t\t<div class=\"elementor-widget-wrap elementor-element-populated\">\n\t\t\t\t\t\t<div class=\"elementor-element elementor-element-5f7d900a elementor-widget elementor-widget-button\" data-id=\"5f7d900a\" data-element_type=\"widget\" data-widget_type=\"button.default\">\n\t\t\t\t<div class=\"elementor-widget-container\">\n\t\t\t\t\t\t\t<div class=\"elementor-button-wrapper\">\n\t\t\t\t\t<a class=\"elementor-button elementor-button-link elementor-size-sm elementor-animation-grow\" href=\"https:\/\/api.whatsapp.com\/message\/54N4GD46YIKTN1?autoload=1&#038;app_absent=0\" target=\"_blank\" rel=\"noopener\">\n\t\t\t\t\t\t<span class=\"elementor-button-content-wrapper\">\n\t\t\t\t\t\t<span class=\"elementor-button-icon\">\n\t\t\t\t<i aria-hidden=\"true\" class=\"fab fa-whatsapp\"><\/i>\t\t\t<\/span>\n\t\t\t\t\t\t\t\t\t<span class=\"elementor-button-text\">WHATSAPP<\/span>\n\t\t\t\t\t<\/span>\n\t\t\t\t\t<\/a>\n\t\t\t\t<\/div>\n\t\t\t\t\t\t<\/div>\n\t\t\t\t<\/div>\n\t\t\t\t\t<\/div>\n\t\t<\/div>\n\t\t\t\t\t<\/div>\n\t\t<\/section>\n\t\t\t\t\t<\/div>\n\t\t<\/div>\n\t\t\t\t<div class=\"elementor-column elementor-col-50 elementor-top-column elementor-element elementor-element-22e5cc2d column-style-top\" data-id=\"22e5cc2d\" data-element_type=\"column\">\n\t\t\t<div class=\"elementor-widget-wrap\">\n\t\t\t\t\t\t\t<\/div>\n\t\t<\/div>\n\t\t\t\t\t<\/div>\n\t\t<\/section>\n\t\t\t\t<section class=\"elementor-section elementor-top-section elementor-element elementor-element-89e7edd elementor-section-boxed elementor-section-height-default elementor-section-height-default row-top\" data-id=\"89e7edd\" data-element_type=\"section\">\n\t\t\t\t\t\t<div class=\"elementor-container elementor-column-gap-default\">\n\t\t\t\t\t<div class=\"elementor-column elementor-col-100 elementor-top-column elementor-element elementor-element-9d10b08 column-style-top\" data-id=\"9d10b08\" data-element_type=\"column\">\n\t\t\t<div class=\"elementor-widget-wrap elementor-element-populated\">\n\t\t\t\t\t\t<section class=\"elementor-section elementor-inner-section elementor-element elementor-element-da6113d elementor-section-boxed elementor-section-height-default elementor-section-height-default row-top\" data-id=\"da6113d\" data-element_type=\"section\">\n\t\t\t\t\t\t<div class=\"elementor-container elementor-column-gap-default\">\n\t\t\t\t\t<div class=\"elementor-column elementor-col-50 elementor-inner-column elementor-element elementor-element-f07a542 column-style-top\" data-id=\"f07a542\" data-element_type=\"column\">\n\t\t\t<div class=\"elementor-widget-wrap elementor-element-populated\">\n\t\t\t\t\t\t<div class=\"elementor-element elementor-element-db38637 elementor-widget elementor-widget-image\" data-id=\"db38637\" data-element_type=\"widget\" data-widget_type=\"image.default\">\n\t\t\t\t<div class=\"elementor-widget-container\">\n\t\t\t\t\t\t\t\t\t\t\t\t\t<img fetchpriority=\"high\" decoding=\"async\" width=\"1080\" height=\"1080\" src=\"https:\/\/springschool.me\/wp-content\/uploads\/2025\/10\/spring-school-supletivo-02.jpg\" class=\"attachment-full size-full wp-image-13873\" alt=\"\" srcset=\"https:\/\/springschool.me\/wp-content\/uploads\/2025\/10\/spring-school-supletivo-02.jpg 1080w, https:\/\/springschool.me\/wp-content\/uploads\/2025\/10\/spring-school-supletivo-02-600x600.jpg 600w, https:\/\/springschool.me\/wp-content\/uploads\/2025\/10\/spring-school-supletivo-02-1024x1024.jpg 1024w, https:\/\/springschool.me\/wp-content\/uploads\/2025\/10\/spring-school-supletivo-02-180x180.jpg 180w, https:\/\/springschool.me\/wp-content\/uploads\/2025\/10\/spring-school-supletivo-02-768x768.jpg 768w, https:\/\/springschool.me\/wp-content\/uploads\/2025\/10\/spring-school-supletivo-02-12x12.jpg 12w\" sizes=\"(max-width: 1080px) 100vw, 1080px\" \/>\t\t\t\t\t\t\t\t\t\t\t\t\t<\/div>\n\t\t\t\t<\/div>\n\t\t\t\t\t<\/div>\n\t\t<\/div>\n\t\t\t\t<div class=\"elementor-column elementor-col-50 elementor-inner-column elementor-element elementor-element-dfa237e column-style-top\" data-id=\"dfa237e\" data-element_type=\"column\">\n\t\t\t<div class=\"elementor-widget-wrap elementor-element-populated\">\n\t\t\t\t\t\t<div class=\"elementor-element elementor-element-4af8ec8 elementor-widget elementor-widget-heading\" data-id=\"4af8ec8\" data-element_type=\"widget\" data-widget_type=\"heading.default\">\n\t\t\t\t<div class=\"elementor-widget-container\">\n\t\t\t<h2 class=\"elementor-heading-title elementor-size-default\">Spring School Supplementary<\/h2>\t\t<\/div>\n\t\t\t\t<\/div>\n\t\t\t\t<div class=\"elementor-element elementor-element-6163a07 elementor-widget elementor-widget-text-editor\" data-id=\"6163a07\" data-element_type=\"widget\" data-widget_type=\"text-editor.default\">\n\t\t\t\t<div class=\"elementor-widget-container\">\n\t\t\t\t\t\t\t<p>Did you fail to graduate from elementary school or high school and miss your diploma?<\/p><p>Do you want to go to college and can&#039;t register due to the lack of a certificate?<\/p><p>Spring School is here to help you. Now you can take the supplementary online and acquire your primary and secondary education certificate! That&#039;s right, easily, without bureaucracy and in 6 months!<\/p>\t\t\t\t\t\t<\/div>\n\t\t\t\t<\/div>\n\t\t\t\t<div class=\"elementor-element elementor-element-fb3d47d elementor-icon-list--layout-traditional elementor-list-item-link-full_width elementor-widget elementor-widget-icon-list\" data-id=\"fb3d47d\" data-element_type=\"widget\" data-widget_type=\"icon-list.default\">\n\t\t\t\t<div class=\"elementor-widget-container\">\n\t\t\t\t\t<ul class=\"elementor-icon-list-items\">\n\t\t\t\t\t\t\t<li class=\"elementor-icon-list-item\">\n\t\t\t\t\t\t\t\t\t\t\t<span class=\"elementor-icon-list-icon\">\n\t\t\t\t\t\t\t<i aria-hidden=\"true\" class=\"fas fa-check\"><\/i>\t\t\t\t\t\t<\/span>\n\t\t\t\t\t\t\t\t\t\t<span class=\"elementor-icon-list-text\">Certificate recognized by MEC<\/span>\n\t\t\t\t\t\t\t\t\t<\/li>\n\t\t\t\t\t\t\t\t<li class=\"elementor-icon-list-item\">\n\t\t\t\t\t\t\t\t\t\t\t<span class=\"elementor-icon-list-icon\">\n\t\t\t\t\t\t\t<i aria-hidden=\"true\" class=\"fas fa-check\"><\/i>\t\t\t\t\t\t<\/span>\n\t\t\t\t\t\t\t\t\t\t<span class=\"elementor-icon-list-text\">Teaching 100% at a distance<\/span>\n\t\t\t\t\t\t\t\t\t<\/li>\n\t\t\t\t\t\t\t\t<li class=\"elementor-icon-list-item\">\n\t\t\t\t\t\t\t\t\t\t\t<span class=\"elementor-icon-list-icon\">\n\t\t\t\t\t\t\t<i aria-hidden=\"true\" class=\"fas fa-check\"><\/i>\t\t\t\t\t\t<\/span>\n\t\t\t\t\t\t\t\t\t\t<span class=\"elementor-icon-list-text\">High school or elementary school in 6 months<\/span>\n\t\t\t\t\t\t\t\t\t<\/li>\n\t\t\t\t\t\t\t\t<li class=\"elementor-icon-list-item\">\n\t\t\t\t\t\t\t\t\t\t\t<span class=\"elementor-icon-list-icon\">\n\t\t\t\t\t\t\t<i aria-hidden=\"true\" class=\"fas fa-check\"><\/i>\t\t\t\t\t\t<\/span>\n\t\t\t\t\t\t\t\t\t\t<span class=\"elementor-icon-list-text\">Monthly fee for only \u00a515000 (+10% tax)<\/span>\n\t\t\t\t\t\t\t\t\t<\/li>\n\t\t\t\t\t\t<\/ul>\n\t\t\t\t<\/div>\n\t\t\t\t<\/div>\n\t\t\t\t\t<\/div>\n\t\t<\/div>\n\t\t\t\t\t<\/div>\n\t\t<\/section>\n\t\t\t\t<section class=\"elementor-section elementor-inner-section elementor-element elementor-element-a7f23c0 elementor-section-boxed elementor-section-height-default elementor-section-height-default\" data-id=\"a7f23c0\" data-element_type=\"section\" data-settings=\"{&quot;background_background&quot;:&quot;classic&quot;}\">\n\t\t\t\t\t\t<div class=\"elementor-container elementor-column-gap-default\">\n\t\t\t\t\t<div class=\"elementor-column elementor-col-50 elementor-inner-column elementor-element elementor-element-38607eb column-style-top\" data-id=\"38607eb\" data-element_type=\"column\">\n\t\t\t<div class=\"elementor-widget-wrap elementor-element-populated\">\n\t\t\t\t\t\t<div class=\"elementor-element elementor-element-f78190c elementor-widget elementor-widget-heading\" data-id=\"f78190c\" data-element_type=\"widget\" data-widget_type=\"heading.default\">\n\t\t\t\t<div class=\"elementor-widget-container\">\n\t\t\t<h2 class=\"elementor-heading-title elementor-size-default\">Supplementary since 2023<\/h2>\t\t<\/div>\n\t\t\t\t<\/div>\n\t\t\t\t<div class=\"elementor-element elementor-element-ab1d0be elementor-widget elementor-widget-text-editor\" data-id=\"ab1d0be\" data-element_type=\"widget\" data-widget_type=\"text-editor.default\">\n\t\t\t\t<div class=\"elementor-widget-container\">\n\t\t\t\t\t\t\t<p>In addition to language courses, exchanges, primary and secondary education with American and Brazilian diplomas and EAD college, Spring School brought the online Supplementary method, so that you can study from home and earn your dream diploma.<\/p><p>Now you will have all the requirements to enter college.<\/p><p>Don&#039;t miss out on this amazing opportunity we brought you! Get in touch right now and make your supplementary as soon as possible!<\/p><p><em>Spring your life and make your dreams come true.<\/em><\/p>\t\t\t\t\t\t<\/div>\n\t\t\t\t<\/div>\n\t\t\t\t<div class=\"elementor-element elementor-element-fbb663b elementor-widget__width-initial elementor-absolute elementor-widget elementor-widget-image\" data-id=\"fbb663b\" data-element_type=\"widget\" data-settings=\"{&quot;_position&quot;:&quot;absolute&quot;}\" data-widget_type=\"image.default\">\n\t\t\t\t<div class=\"elementor-widget-container\">\n\t\t\t\t\t\t\t\t\t\t\t\t\t<img decoding=\"async\" src=\"https:\/\/springschool.me\/wp-content\/uploads\/2022\/08\/Sem-titulo-1-6-1.png\" title=\"Untitled-1 6 (1)\" alt=\"Sem-t\u00edtulo-1 6 (1)\" loading=\"lazy\" \/>\t\t\t\t\t\t\t\t\t\t\t\t\t<\/div>\n\t\t\t\t<\/div>\n\t\t\t\t<div class=\"elementor-element elementor-element-609c897 elementor-widget__width-auto elementor-absolute elementor-widget-tablet__width-initial elementor-widget elementor-widget-image\" data-id=\"609c897\" data-element_type=\"widget\" data-settings=\"{&quot;_position&quot;:&quot;absolute&quot;}\" data-widget_type=\"image.default\">\n\t\t\t\t<div class=\"elementor-widget-container\">\n\t\t\t\t\t\t\t\t\t\t\t\t\t<img decoding=\"async\" src=\"https:\/\/springschool.me\/wp-content\/uploads\/elementor\/thumbs\/Sem-titulo-1-6-1-rdzfq74b5fneibh5t1km75cxde9qyb4r2c6fswj0mg.png\" title=\"Untitled-1 6 (1)\" alt=\"Sem-t\u00edtulo-1 6 (1)\" loading=\"lazy\" \/>\t\t\t\t\t\t\t\t\t\t\t\t\t<\/div>\n\t\t\t\t<\/div>\n\t\t\t\t\t<\/div>\n\t\t<\/div>\n\t\t\t\t<div class=\"elementor-column elementor-col-50 elementor-inner-column elementor-element elementor-element-fc9268c column-style-top\" data-id=\"fc9268c\" data-element_type=\"column\">\n\t\t\t<div class=\"elementor-widget-wrap elementor-element-populated\">\n\t\t\t\t\t\t<div class=\"elementor-element elementor-element-a228e27 elementor-widget elementor-widget-image\" data-id=\"a228e27\" data-element_type=\"widget\" data-widget_type=\"image.default\">\n\t\t\t\t<div class=\"elementor-widget-container\">\n\t\t\t\t\t\t\t\t\t\t\t\t\t<img decoding=\"async\" width=\"1080\" height=\"1080\" src=\"https:\/\/springschool.me\/wp-content\/uploads\/2025\/10\/spring-school-supletivo-01.jpg\" class=\"attachment-full size-full wp-image-13874\" alt=\"\" srcset=\"https:\/\/springschool.me\/wp-content\/uploads\/2025\/10\/spring-school-supletivo-01.jpg 1080w, https:\/\/springschool.me\/wp-content\/uploads\/2025\/10\/spring-school-supletivo-01-600x600.jpg 600w, https:\/\/springschool.me\/wp-content\/uploads\/2025\/10\/spring-school-supletivo-01-1024x1024.jpg 1024w, https:\/\/springschool.me\/wp-content\/uploads\/2025\/10\/spring-school-supletivo-01-180x180.jpg 180w, https:\/\/springschool.me\/wp-content\/uploads\/2025\/10\/spring-school-supletivo-01-768x768.jpg 768w, https:\/\/springschool.me\/wp-content\/uploads\/2025\/10\/spring-school-supletivo-01-12x12.jpg 12w\" sizes=\"(max-width: 1080px) 100vw, 1080px\" \/>\t\t\t\t\t\t\t\t\t\t\t\t\t<\/div>\n\t\t\t\t<\/div>\n\t\t\t\t\t<\/div>\n\t\t<\/div>\n\t\t\t\t\t<\/div>\n\t\t<\/section>\n\t\t\t\t\t<\/div>\n\t\t<\/div>\n\t\t\t\t\t<\/div>\n\t\t<\/section>\n\t\t\t\t<section class=\"elementor-section elementor-top-section elementor-element elementor-element-c117bf0 elementor-section-full_width elementor-section-height-min-height elementor-section-height-default elementor-section-items-middle row-top\" data-id=\"c117bf0\" data-element_type=\"section\" data-settings=\"{&quot;background_background&quot;:&quot;classic&quot;}\">\n\t\t\t\t\t\t\t<div class=\"elementor-background-overlay\"><\/div>\n\t\t\t\t\t\t\t<div class=\"elementor-container elementor-column-gap-no\">\n\t\t\t\t\t<div class=\"elementor-column elementor-col-100 elementor-top-column elementor-element elementor-element-f3731b4 column-style-top\" data-id=\"f3731b4\" data-element_type=\"column\">\n\t\t\t<div class=\"elementor-widget-wrap elementor-element-populated\">\n\t\t\t\t\t\t<section class=\"elementor-section elementor-inner-section elementor-element elementor-element-5de3889 elementor-section-boxed elementor-section-height-default elementor-section-height-default row-top\" data-id=\"5de3889\" data-element_type=\"section\">\n\t\t\t\t\t\t<div class=\"elementor-container elementor-column-gap-default\">\n\t\t\t\t\t<div class=\"elementor-column elementor-col-50 elementor-inner-column elementor-element elementor-element-2e6aba6 column-style-top\" data-id=\"2e6aba6\" data-element_type=\"column\">\n\t\t\t<div class=\"elementor-widget-wrap elementor-element-populated\">\n\t\t\t\t\t\t<div class=\"elementor-element elementor-element-c2e311c elementor-widget elementor-widget-heading\" data-id=\"c2e311c\" data-element_type=\"widget\" data-widget_type=\"heading.default\">\n\t\t\t\t<div class=\"elementor-widget-container\">\n\t\t\t<h2 class=\"elementor-heading-title elementor-size-default\">Join us!<\/h2>\t\t<\/div>\n\t\t\t\t<\/div>\n\t\t\t\t<div class=\"elementor-element elementor-element-7f83740 elementor-widget elementor-widget-heading\" data-id=\"7f83740\" data-element_type=\"widget\" data-widget_type=\"heading.default\">\n\t\t\t\t<div class=\"elementor-widget-container\">\n\t\t\t<h4 class=\"elementor-heading-title elementor-size-default\">The school certificate is the basis for greater and solid achievements. Make your license plate and transform your future.<\/h4>\t\t<\/div>\n\t\t\t\t<\/div>\n\t\t\t\t\t<\/div>\n\t\t<\/div>\n\t\t\t\t<div class=\"elementor-column elementor-col-50 elementor-inner-column elementor-element elementor-element-6354a42 column-style-top\" data-id=\"6354a42\" data-element_type=\"column\">\n\t\t\t<div class=\"elementor-widget-wrap elementor-element-populated\">\n\t\t\t\t\t\t<div class=\"elementor-element elementor-element-ee13d01 elementor-align-center elementor-mobile-align-left elementor-widget elementor-widget-button\" data-id=\"ee13d01\" data-element_type=\"widget\" data-widget_type=\"button.default\">\n\t\t\t\t<div class=\"elementor-widget-container\">\n\t\t\t\t\t\t\t<div class=\"elementor-button-wrapper\">\n\t\t\t\t\t<a class=\"elementor-button elementor-button-link elementor-size-sm elementor-animation-grow\" href=\"https:\/\/api.whatsapp.com\/message\/54N4GD46YIKTN1?autoload=1&#038;app_absent=0\" target=\"_blank\" rel=\"noopener\">\n\t\t\t\t\t\t<span class=\"elementor-button-content-wrapper\">\n\t\t\t\t\t\t<span class=\"elementor-button-icon\">\n\t\t\t\t<i aria-hidden=\"true\" class=\"fab fa-whatsapp\"><\/i>\t\t\t<\/span>\n\t\t\t\t\t\t\t\t\t<span class=\"elementor-button-text\">WHATSAPP<\/span>\n\t\t\t\t\t<\/span>\n\t\t\t\t\t<\/a>\n\t\t\t\t<\/div>\n\t\t\t\t\t\t<\/div>\n\t\t\t\t<\/div>\n\t\t\t\t\t<\/div>\n\t\t<\/div>\n\t\t\t\t\t<\/div>\n\t\t<\/section>\n\t\t\t\t\t<\/div>\n\t\t<\/div>\n\t\t\t\t\t<\/div>\n\t\t<\/section>\n\t\t\t\t<\/div>","protected":false},"excerpt":{"rendered":"<p>Finish your studies! You can only find a quick, safe and extremely educational supplement here at Spring School. Get better jobs with your school certificate. Register and transform your [\u2026]<\/p>","protected":false},"author":1,"featured_media":6084,"parent":0,"menu_order":0,"comment_status":"closed","ping_status":"closed","template":"","meta":{"footnotes":""},"class_list":["post-9087","page","type-page","status-publish","has-post-thumbnail","hentry"],"yoast_head":"<!-- This site is optimized with the Yoast SEO plugin v24.0 - https:\/\/yoast.com\/wordpress\/plugins\/seo\/ -->\n<title>Supletivo - Spring School<\/title>\n<meta name=\"robots\" content=\"index, follow, max-snippet:-1, max-image-preview:large, max-video-preview:-1\" \/>\n<link rel=\"canonical\" href=\"https:\/\/springschool.me\/en\/supletivo\/\" \/>\n<meta property=\"og:locale\" content=\"en_US\" \/>\n<meta property=\"og:type\" content=\"article\" \/>\n<meta property=\"og:title\" content=\"Supletivo - Spring School\" \/>\n<meta property=\"og:description\" content=\"Termine seus Estudos! Supletivo r\u00e1pido, seguro e extremamente did\u00e1tico voc\u00ea s\u00f3 encontra aqui na Spring School. Conquiste melhores empregos com o seu certificado escolar. Fa\u00e7a sua matr\u00edcula e transforme seu [&hellip;]\" \/>\n<meta property=\"og:url\" content=\"https:\/\/springschool.me\/en\/supletivo\/\" \/>\n<meta property=\"og:site_name\" content=\"Spring School\" \/>\n<meta property=\"article:modified_time\" content=\"2025-10-20T15:46:12+00:00\" \/>\n<meta property=\"og:image\" content=\"https:\/\/springschool.me\/wp-content\/uploads\/2022\/12\/spring-logo-OG.jpg\" \/>\n\t<meta property=\"og:image:width\" content=\"800\" \/>\n\t<meta property=\"og:image:height\" content=\"800\" \/>\n\t<meta property=\"og:image:type\" content=\"image\/jpeg\" \/>\n<meta name=\"twitter:card\" content=\"summary_large_image\" \/>\n<meta name=\"twitter:label1\" content=\"Est. reading time\" \/>\n\t<meta name=\"twitter:data1\" content=\"3 minutes\" \/>\n<script type=\"application\/ld+json\" class=\"yoast-schema-graph\">{\"@context\":\"https:\/\/schema.org\",\"@graph\":[{\"@type\":\"WebPage\",\"@id\":\"https:\/\/springschool.me\/supletivo\/\",\"url\":\"https:\/\/springschool.me\/supletivo\/\",\"name\":\"Supletivo - Spring School\",\"isPartOf\":{\"@id\":\"https:\/\/springschool.me\/#website\"},\"primaryImageOfPage\":{\"@id\":\"https:\/\/springschool.me\/supletivo\/#primaryimage\"},\"image\":{\"@id\":\"https:\/\/springschool.me\/supletivo\/#primaryimage\"},\"thumbnailUrl\":\"https:\/\/springschool.me\/wp-content\/uploads\/2022\/12\/spring-logo-OG.jpg\",\"datePublished\":\"2022-12-20T16:10:23+00:00\",\"dateModified\":\"2025-10-20T15:46:12+00:00\",\"breadcrumb\":{\"@id\":\"https:\/\/springschool.me\/supletivo\/#breadcrumb\"},\"inLanguage\":\"en-US\",\"potentialAction\":[{\"@type\":\"ReadAction\",\"target\":[\"https:\/\/springschool.me\/supletivo\/\"]}]},{\"@type\":\"ImageObject\",\"inLanguage\":\"en-US\",\"@id\":\"https:\/\/springschool.me\/supletivo\/#primaryimage\",\"url\":\"https:\/\/springschool.me\/wp-content\/uploads\/2022\/12\/spring-logo-OG.jpg\",\"contentUrl\":\"https:\/\/springschool.me\/wp-content\/uploads\/2022\/12\/spring-logo-OG.jpg\",\"width\":800,\"height\":800,\"caption\":\"logo da spring school\"},{\"@type\":\"BreadcrumbList\",\"@id\":\"https:\/\/springschool.me\/supletivo\/#breadcrumb\",\"itemListElement\":[{\"@type\":\"ListItem\",\"position\":1,\"name\":\"In\u00edcio\",\"item\":\"https:\/\/springschool.me\/\"},{\"@type\":\"ListItem\",\"position\":2,\"name\":\"Supletivo\"}]},{\"@type\":\"WebSite\",\"@id\":\"https:\/\/springschool.me\/#website\",\"url\":\"https:\/\/springschool.me\/\",\"name\":\"Spring School\",\"description\":\"Escola de Idiomas. Cursos para crian\u00e7as, adolescentes e adutos\",\"potentialAction\":[{\"@type\":\"SearchAction\",\"target\":{\"@type\":\"EntryPoint\",\"urlTemplate\":\"https:\/\/springschool.me\/?s={search_term_string}\"},\"query-input\":{\"@type\":\"PropertyValueSpecification\",\"valueRequired\":true,\"valueName\":\"search_term_string\"}}],\"inLanguage\":\"en-US\"}]}<\/script>\n<!-- \/ Yoast SEO plugin. -->","yoast_head_json":{"title":"Supletivo - Spring School","robots":{"index":"index","follow":"follow","max-snippet":"max-snippet:-1","max-image-preview":"max-image-preview:large","max-video-preview":"max-video-preview:-1"},"canonical":"https:\/\/springschool.me\/en\/supletivo\/","og_locale":"en_US","og_type":"article","og_title":"Supletivo - Spring School","og_description":"Termine seus Estudos! Supletivo r\u00e1pido, seguro e extremamente did\u00e1tico voc\u00ea s\u00f3 encontra aqui na Spring School. Conquiste melhores empregos com o seu certificado escolar. Fa\u00e7a sua matr\u00edcula e transforme seu [&hellip;]","og_url":"https:\/\/springschool.me\/en\/supletivo\/","og_site_name":"Spring School","article_modified_time":"2025-10-20T15:46:12+00:00","og_image":[{"width":800,"height":800,"url":"https:\/\/springschool.me\/wp-content\/uploads\/2022\/12\/spring-logo-OG.jpg","type":"image\/jpeg"}],"twitter_card":"summary_large_image","twitter_misc":{"Est. reading time":"3 minutes"},"schema":{"@context":"https:\/\/schema.org","@graph":[{"@type":"WebPage","@id":"https:\/\/springschool.me\/supletivo\/","url":"https:\/\/springschool.me\/supletivo\/","name":"Supletivo - Spring School","isPartOf":{"@id":"https:\/\/springschool.me\/#website"},"primaryImageOfPage":{"@id":"https:\/\/springschool.me\/supletivo\/#primaryimage"},"image":{"@id":"https:\/\/springschool.me\/supletivo\/#primaryimage"},"thumbnailUrl":"https:\/\/springschool.me\/wp-content\/uploads\/2022\/12\/spring-logo-OG.jpg","datePublished":"2022-12-20T16:10:23+00:00","dateModified":"2025-10-20T15:46:12+00:00","breadcrumb":{"@id":"https:\/\/springschool.me\/supletivo\/#breadcrumb"},"inLanguage":"en-US","potentialAction":[{"@type":"ReadAction","target":["https:\/\/springschool.me\/supletivo\/"]}]},{"@type":"ImageObject","inLanguage":"en-US","@id":"https:\/\/springschool.me\/supletivo\/#primaryimage","url":"https:\/\/springschool.me\/wp-content\/uploads\/2022\/12\/spring-logo-OG.jpg","contentUrl":"https:\/\/springschool.me\/wp-content\/uploads\/2022\/12\/spring-logo-OG.jpg","width":800,"height":800,"caption":"logo da spring school"},{"@type":"BreadcrumbList","@id":"https:\/\/springschool.me\/supletivo\/#breadcrumb","itemListElement":[{"@type":"ListItem","position":1,"name":"In\u00edcio","item":"https:\/\/springschool.me\/"},{"@type":"ListItem","position":2,"name":"Supletivo"}]},{"@type":"WebSite","@id":"https:\/\/springschool.me\/#website","url":"https:\/\/springschool.me\/","name":"Spring School","description":"Escola de Idiomas. Cursos para crian\u00e7as, adolescentes e adutos","potentialAction":[{"@type":"SearchAction","target":{"@type":"EntryPoint","urlTemplate":"https:\/\/springschool.me\/?s={search_term_string}"},"query-input":{"@type":"PropertyValueSpecification","valueRequired":true,"valueName":"search_term_string"}}],"inLanguage":"en-US"}]}},"_links":{"self":[{"href":"https:\/\/springschool.me\/en\/wp-json\/wp\/v2\/pages\/9087","targetHints":{"allow":["GET"]}}],"collection":[{"href":"https:\/\/springschool.me\/en\/wp-json\/wp\/v2\/pages"}],"about":[{"href":"https:\/\/springschool.me\/en\/wp-json\/wp\/v2\/types\/page"}],"author":[{"embeddable":true,"href":"https:\/\/springschool.me\/en\/wp-json\/wp\/v2\/users\/1"}],"replies":[{"embeddable":true,"href":"https:\/\/springschool.me\/en\/wp-json\/wp\/v2\/comments?post=9087"}],"version-history":[{"count":24,"href":"https:\/\/springschool.me\/en\/wp-json\/wp\/v2\/pages\/9087\/revisions"}],"predecessor-version":[{"id":14483,"href":"https:\/\/springschool.me\/en\/wp-json\/wp\/v2\/pages\/9087\/revisions\/14483"}],"wp:featuredmedia":[{"embeddable":true,"href":"https:\/\/springschool.me\/en\/wp-json\/wp\/v2\/media\/6084"}],"wp:attachment":[{"href":"https:\/\/springschool.me\/en\/wp-json\/wp\/v2\/media?parent=9087"}],"curies":[{"name":"wp","href":"https:\/\/api.w.org\/{rel}","templated":true}]}}