{"id":6508,"date":"2022-12-19T12:39:43","date_gmt":"2022-12-19T12:39:43","guid":{"rendered":"https:\/\/springschool.me\/?page_id=6508"},"modified":"2025-10-20T13:57:21","modified_gmt":"2025-10-20T16:57:21","slug":"politica-de-privacidade","status":"publish","type":"page","link":"https:\/\/springschool.me\/en\/politica-de-privacidade\/","title":{"rendered":"Privacy Policy"},"content":{"rendered":"<div data-elementor-type=\"wp-page\" data-elementor-id=\"6508\" class=\"elementor elementor-6508\" data-elementor-post-type=\"page\">\n\t\t\t\t\t\t<section class=\"elementor-section elementor-top-section elementor-element elementor-element-d8da41b elementor-section-boxed elementor-section-height-default elementor-section-height-default row-top\" data-id=\"d8da41b\" data-element_type=\"section\">\n\t\t\t\t\t\t<div class=\"elementor-container elementor-column-gap-default\">\n\t\t\t\t\t<div class=\"elementor-column elementor-col-100 elementor-top-column elementor-element elementor-element-8856726 column-style-top\" data-id=\"8856726\" data-element_type=\"column\">\n\t\t\t<div class=\"elementor-widget-wrap elementor-element-populated\">\n\t\t\t\t\t\t<div class=\"elementor-element elementor-element-38a6f00 elementor-widget elementor-widget-html\" data-id=\"38a6f00\" data-element_type=\"widget\" data-widget_type=\"html.default\">\n\t\t\t\t<div class=\"elementor-widget-container\">\n\t\t\t<h2><span style=\"color: rgb(68, 68, 68);\">Privacy Policy<\/span><\/h2><p><span style=\"color: rgb(68, 68, 68);\">Your privacy is important to us. It is Spring School&#039;s policy to respect your privacy regarding any information we may collect from you on the website. <a href=\"https:\/\/springschool.me\/en\/\">Spring School<\/a>, and other websites that we own and operate.<\/span><\/p><p><span style=\"color: rgb(68, 68, 68);\">We only ask for personal information when we really need it to provide you with a service. We do this by fair and lawful means, with your knowledge and consent. We also let you know why we are collecting it and how it will be used.<\/span><\/p><p><span style=\"color: rgb(68, 68, 68);\">We only retain collected information for as long as necessary to provide the requested service. When we store data, we protect it within commercially acceptable means to prevent loss and theft, as well as unauthorized access, disclosure, copying, use or modification.<\/span><\/p><p><span style=\"color: rgb(68, 68, 68);\">We do not share personally identifiable information publicly or with third parties, except as required by law.<\/span><\/p><p><span style=\"color: rgb(68, 68, 68);\">Our website may have links to external websites that are not operated by us. Please be aware that we have no control over the content and practices of these sites and cannot accept responsibility for their respective&nbsp;<\/span><a href=\"https:\/\/politicaprivacidade.com\/\" rel=\"noopener noreferrer\" target=\"_blank\" style=\"background-color: transparent; color: rgb(68, 68, 68);\">privacy policies<\/a><span style=\"color: rgb(68, 68, 68);\">.<\/span><\/p><p><span style=\"color: rgb(68, 68, 68);\">You are free to decline our request for personal information, understanding that we may not be able to provide you with some of your desired services.<\/span><\/p><p><span style=\"color: rgb(68, 68, 68);\">Your continued use of our website will be deemed acceptance of our practices around privacy and personal information. If you have any questions about how we handle user data and personal information, please contact us.<\/span><\/p><p><span style=\"color: rgb(68, 68, 68);\"><ul><li><span style=\"color: rgb(68, 68, 68);\">The Google AdSense service that we use to serve you advertising uses a DoubleClick cookie to serve you more relevant ads across the web and to limit the number of times a particular ad is shown to you.<\/span><\/li><li><span style=\"color: rgb(68, 68, 68);\">For more information about AdSense, see the official AdSense Privacy FAQ.<\/span><\/li><li><span style=\"color: rgb(68, 68, 68);\">We use advertisements to offset the costs of running this website and to provide funding for future development. The behavioral advertising cookies used by this website are designed to ensure that we provide you with the most relevant advertisements where possible, anonymously tracking your interests and presenting you with similar things that may be of interest to you.<\/span><\/li><li><span style=\"color: rgb(68, 68, 68);\">Various partners advertise on our behalf and affiliate tracking cookies simply allow us to see whether our customers have accessed the site through one of our partners&#039; sites so that we can properly credit them and, where applicable, allow our affiliate partners to offer any promotion that can provide you to make a purchase.<\/span><\/li><\/ul><p><br><\/p><\/span><\/p><h3><span style=\"color: rgb(68, 68, 68);\">User Commitment<\/span><\/h3><p><span style=\"color: rgb(68, 68, 68);\">The user undertakes to make proper use of the contents and information that Spring School offers on the website and with an enunciative, but not limiting, character:<\/span><\/p><ul><li><span style=\"color: rgb(68, 68, 68);\">A) Not to engage in activities that are illegal or contrary to good faith and public order;<\/span><\/li><li><span style=\"color: rgb(68, 68, 68);\">B) Not to disseminate propaganda or content of a racist, xenophobic, <\/span><span style=\"color: rgb(33, 37, 41);\"><a href='https:\/\/apostasonline.guru\/betano-apostas\/' rel='nofollow' target='_BLANK' style='color:inherit !important; text-decoration: none !important; font-size: inherit !important;'>betan<\/a><\/span><span style=\"color: rgb(68, 68, 68);\"> or bad luck, any type of illegal pornography, in support of terrorism or against human rights;<\/span><\/li><li><span style=\"color: rgb(68, 68, 68);\">C) Not to cause damage to the physical (hardware) and logical (software) systems of Spring School, its suppliers or third parties, to introduce or disseminate computer viruses or any other hardware or software systems that are capable of causing damage mentioned above.<\/span><\/li><\/ul><h3><span style=\"color: rgb(68, 68, 68);\">More information<\/span><\/h3><p><span style=\"color: rgb(68, 68, 68);\">Hopefully that&#039;s cleared up, and as mentioned earlier, if there&#039;s something you&#039;re not sure whether you need or not, it&#039;s generally safer to leave cookies enabled should you interact with one of the features you use on our website.<\/span><\/p><p><span style=\"color: rgb(68, 68, 68);\">This policy is effective from 19 December 2022 12:37<\/span><\/p>\t\t<\/div>\n\t\t\t\t<\/div>\n\t\t\t\t\t<\/div>\n\t\t<\/div>\n\t\t\t\t\t<\/div>\n\t\t<\/section>\n\t\t\t\t<\/div>","protected":false},"excerpt":{"rendered":"<p>Privacy Policy Your privacy is important to us. It is Spring School\u2019s policy to respect your privacy regarding any information we may collect from you across the Spring [\u2026]<\/p>","protected":false},"author":1,"featured_media":6084,"parent":0,"menu_order":0,"comment_status":"closed","ping_status":"closed","template":"","meta":{"footnotes":""},"class_list":["post-6508","page","type-page","status-publish","has-post-thumbnail","hentry"],"yoast_head":"<!-- This site is optimized with the Yoast SEO plugin v24.0 - https:\/\/yoast.com\/wordpress\/plugins\/seo\/ -->\n<title>Pol\u00edtica de Privacidade - Spring School<\/title>\n<meta name=\"description\" content=\"Pol\u00edtica Privacidade - A sua privacidade \u00e9 importante para n\u00f3s. \u00c9 pol\u00edtica do Spring School respeitar a sua privacidade em rela\u00e7\u00e3o a qualquer informa\u00e7\u00e3o sua que possamos coletar no site Spring School, e outros sites que possu\u00edmos e operamos.\" \/>\n<meta name=\"robots\" content=\"index, follow, max-snippet:-1, max-image-preview:large, max-video-preview:-1\" \/>\n<link rel=\"canonical\" href=\"https:\/\/springschool.me\/en\/politica-de-privacidade\/\" \/>\n<meta property=\"og:locale\" content=\"en_US\" \/>\n<meta property=\"og:type\" content=\"article\" \/>\n<meta property=\"og:title\" content=\"Pol\u00edtica de Privacidade - Spring School\" \/>\n<meta property=\"og:description\" content=\"Pol\u00edtica Privacidade - A sua privacidade \u00e9 importante para n\u00f3s. \u00c9 pol\u00edtica do Spring School respeitar a sua privacidade em rela\u00e7\u00e3o a qualquer informa\u00e7\u00e3o sua que possamos coletar no site Spring School, e outros sites que possu\u00edmos e operamos.\" \/>\n<meta property=\"og:url\" content=\"https:\/\/springschool.me\/en\/politica-de-privacidade\/\" \/>\n<meta property=\"og:site_name\" content=\"Spring School\" \/>\n<meta property=\"article:modified_time\" content=\"2025-10-20T16:57:21+00:00\" \/>\n<meta property=\"og:image\" content=\"https:\/\/springschool.me\/wp-content\/uploads\/2022\/12\/spring-logo-OG.jpg\" \/>\n\t<meta property=\"og:image:width\" content=\"800\" \/>\n\t<meta property=\"og:image:height\" content=\"800\" \/>\n\t<meta property=\"og:image:type\" content=\"image\/jpeg\" \/>\n<meta name=\"twitter:card\" content=\"summary_large_image\" \/>\n<meta name=\"twitter:label1\" content=\"Est. reading time\" \/>\n\t<meta name=\"twitter:data1\" content=\"4 minutes\" \/>\n<script type=\"application\/ld+json\" class=\"yoast-schema-graph\">{\"@context\":\"https:\/\/schema.org\",\"@graph\":[{\"@type\":\"WebPage\",\"@id\":\"https:\/\/springschool.me\/politica-de-privacidade\/\",\"url\":\"https:\/\/springschool.me\/politica-de-privacidade\/\",\"name\":\"Pol\u00edtica de Privacidade - Spring School\",\"isPartOf\":{\"@id\":\"https:\/\/springschool.me\/#website\"},\"primaryImageOfPage\":{\"@id\":\"https:\/\/springschool.me\/politica-de-privacidade\/#primaryimage\"},\"image\":{\"@id\":\"https:\/\/springschool.me\/politica-de-privacidade\/#primaryimage\"},\"thumbnailUrl\":\"https:\/\/springschool.me\/wp-content\/uploads\/2022\/12\/spring-logo-OG.jpg\",\"datePublished\":\"2022-12-19T12:39:43+00:00\",\"dateModified\":\"2025-10-20T16:57:21+00:00\",\"description\":\"Pol\u00edtica Privacidade - A sua privacidade \u00e9 importante para n\u00f3s. \u00c9 pol\u00edtica do Spring School respeitar a sua privacidade em rela\u00e7\u00e3o a qualquer informa\u00e7\u00e3o sua que possamos coletar no site Spring School, e outros sites que possu\u00edmos e operamos.\",\"breadcrumb\":{\"@id\":\"https:\/\/springschool.me\/politica-de-privacidade\/#breadcrumb\"},\"inLanguage\":\"en-US\",\"potentialAction\":[{\"@type\":\"ReadAction\",\"target\":[\"https:\/\/springschool.me\/politica-de-privacidade\/\"]}]},{\"@type\":\"ImageObject\",\"inLanguage\":\"en-US\",\"@id\":\"https:\/\/springschool.me\/politica-de-privacidade\/#primaryimage\",\"url\":\"https:\/\/springschool.me\/wp-content\/uploads\/2022\/12\/spring-logo-OG.jpg\",\"contentUrl\":\"https:\/\/springschool.me\/wp-content\/uploads\/2022\/12\/spring-logo-OG.jpg\",\"width\":800,\"height\":800,\"caption\":\"logo da spring school\"},{\"@type\":\"BreadcrumbList\",\"@id\":\"https:\/\/springschool.me\/politica-de-privacidade\/#breadcrumb\",\"itemListElement\":[{\"@type\":\"ListItem\",\"position\":1,\"name\":\"In\u00edcio\",\"item\":\"https:\/\/springschool.me\/\"},{\"@type\":\"ListItem\",\"position\":2,\"name\":\"Pol\u00edtica de Privacidade\"}]},{\"@type\":\"WebSite\",\"@id\":\"https:\/\/springschool.me\/#website\",\"url\":\"https:\/\/springschool.me\/\",\"name\":\"Spring School\",\"description\":\"Escola de Idiomas. Cursos para crian\u00e7as, adolescentes e adutos\",\"potentialAction\":[{\"@type\":\"SearchAction\",\"target\":{\"@type\":\"EntryPoint\",\"urlTemplate\":\"https:\/\/springschool.me\/?s={search_term_string}\"},\"query-input\":{\"@type\":\"PropertyValueSpecification\",\"valueRequired\":true,\"valueName\":\"search_term_string\"}}],\"inLanguage\":\"en-US\"}]}<\/script>\n<!-- \/ Yoast SEO plugin. -->","yoast_head_json":{"title":"Pol\u00edtica de Privacidade - Spring School","description":"Pol\u00edtica Privacidade - A sua privacidade \u00e9 importante para n\u00f3s. \u00c9 pol\u00edtica do Spring School respeitar a sua privacidade em rela\u00e7\u00e3o a qualquer informa\u00e7\u00e3o sua que possamos coletar no site Spring School, e outros sites que possu\u00edmos e operamos.","robots":{"index":"index","follow":"follow","max-snippet":"max-snippet:-1","max-image-preview":"max-image-preview:large","max-video-preview":"max-video-preview:-1"},"canonical":"https:\/\/springschool.me\/en\/politica-de-privacidade\/","og_locale":"en_US","og_type":"article","og_title":"Pol\u00edtica de Privacidade - Spring School","og_description":"Pol\u00edtica Privacidade - A sua privacidade \u00e9 importante para n\u00f3s. \u00c9 pol\u00edtica do Spring School respeitar a sua privacidade em rela\u00e7\u00e3o a qualquer informa\u00e7\u00e3o sua que possamos coletar no site Spring School, e outros sites que possu\u00edmos e operamos.","og_url":"https:\/\/springschool.me\/en\/politica-de-privacidade\/","og_site_name":"Spring School","article_modified_time":"2025-10-20T16:57:21+00:00","og_image":[{"width":800,"height":800,"url":"https:\/\/springschool.me\/wp-content\/uploads\/2022\/12\/spring-logo-OG.jpg","type":"image\/jpeg"}],"twitter_card":"summary_large_image","twitter_misc":{"Est. reading time":"4 minutes"},"schema":{"@context":"https:\/\/schema.org","@graph":[{"@type":"WebPage","@id":"https:\/\/springschool.me\/politica-de-privacidade\/","url":"https:\/\/springschool.me\/politica-de-privacidade\/","name":"Pol\u00edtica de Privacidade - Spring School","isPartOf":{"@id":"https:\/\/springschool.me\/#website"},"primaryImageOfPage":{"@id":"https:\/\/springschool.me\/politica-de-privacidade\/#primaryimage"},"image":{"@id":"https:\/\/springschool.me\/politica-de-privacidade\/#primaryimage"},"thumbnailUrl":"https:\/\/springschool.me\/wp-content\/uploads\/2022\/12\/spring-logo-OG.jpg","datePublished":"2022-12-19T12:39:43+00:00","dateModified":"2025-10-20T16:57:21+00:00","description":"Pol\u00edtica Privacidade - A sua privacidade \u00e9 importante para n\u00f3s. \u00c9 pol\u00edtica do Spring School respeitar a sua privacidade em rela\u00e7\u00e3o a qualquer informa\u00e7\u00e3o sua que possamos coletar no site Spring School, e outros sites que possu\u00edmos e operamos.","breadcrumb":{"@id":"https:\/\/springschool.me\/politica-de-privacidade\/#breadcrumb"},"inLanguage":"en-US","potentialAction":[{"@type":"ReadAction","target":["https:\/\/springschool.me\/politica-de-privacidade\/"]}]},{"@type":"ImageObject","inLanguage":"en-US","@id":"https:\/\/springschool.me\/politica-de-privacidade\/#primaryimage","url":"https:\/\/springschool.me\/wp-content\/uploads\/2022\/12\/spring-logo-OG.jpg","contentUrl":"https:\/\/springschool.me\/wp-content\/uploads\/2022\/12\/spring-logo-OG.jpg","width":800,"height":800,"caption":"logo da spring school"},{"@type":"BreadcrumbList","@id":"https:\/\/springschool.me\/politica-de-privacidade\/#breadcrumb","itemListElement":[{"@type":"ListItem","position":1,"name":"In\u00edcio","item":"https:\/\/springschool.me\/"},{"@type":"ListItem","position":2,"name":"Pol\u00edtica de Privacidade"}]},{"@type":"WebSite","@id":"https:\/\/springschool.me\/#website","url":"https:\/\/springschool.me\/","name":"Spring School","description":"Escola de Idiomas. Cursos para crian\u00e7as, adolescentes e adutos","potentialAction":[{"@type":"SearchAction","target":{"@type":"EntryPoint","urlTemplate":"https:\/\/springschool.me\/?s={search_term_string}"},"query-input":{"@type":"PropertyValueSpecification","valueRequired":true,"valueName":"search_term_string"}}],"inLanguage":"en-US"}]}},"_links":{"self":[{"href":"https:\/\/springschool.me\/en\/wp-json\/wp\/v2\/pages\/6508","targetHints":{"allow":["GET"]}}],"collection":[{"href":"https:\/\/springschool.me\/en\/wp-json\/wp\/v2\/pages"}],"about":[{"href":"https:\/\/springschool.me\/en\/wp-json\/wp\/v2\/types\/page"}],"author":[{"embeddable":true,"href":"https:\/\/springschool.me\/en\/wp-json\/wp\/v2\/users\/1"}],"replies":[{"embeddable":true,"href":"https:\/\/springschool.me\/en\/wp-json\/wp\/v2\/comments?post=6508"}],"version-history":[{"count":3,"href":"https:\/\/springschool.me\/en\/wp-json\/wp\/v2\/pages\/6508\/revisions"}],"predecessor-version":[{"id":14539,"href":"https:\/\/springschool.me\/en\/wp-json\/wp\/v2\/pages\/6508\/revisions\/14539"}],"wp:featuredmedia":[{"embeddable":true,"href":"https:\/\/springschool.me\/en\/wp-json\/wp\/v2\/media\/6084"}],"wp:attachment":[{"href":"https:\/\/springschool.me\/en\/wp-json\/wp\/v2\/media?parent=6508"}],"curies":[{"name":"wp","href":"https:\/\/api.w.org\/{rel}","templated":true}]}}