{"id":13738,"date":"2025-09-08T11:05:54","date_gmt":"2025-09-08T14:05:54","guid":{"rendered":"https:\/\/springschool.me\/?page_id=13738"},"modified":"2025-09-09T14:56:03","modified_gmt":"2025-09-09T17:56:03","slug":"portal-do-professor","status":"publish","type":"page","link":"https:\/\/springschool.me\/en\/portal-do-professor\/","title":{"rendered":"Teacher Portal"},"content":{"rendered":"<div data-elementor-type=\"wp-page\" data-elementor-id=\"13738\" class=\"elementor elementor-13738\" data-elementor-post-type=\"page\">\n\t\t\t\t\t\t<section class=\"elementor-section elementor-top-section elementor-element elementor-element-ed47963 elementor-section-boxed elementor-section-height-default elementor-section-height-default row-top\" data-id=\"ed47963\" data-element_type=\"section\">\n\t\t\t\t\t\t<div class=\"elementor-container elementor-column-gap-default\">\n\t\t\t\t\t<div class=\"elementor-column elementor-col-100 elementor-top-column elementor-element elementor-element-e432ed5 column-style-top\" data-id=\"e432ed5\" data-element_type=\"column\">\n\t\t\t<div class=\"elementor-widget-wrap elementor-element-populated\">\n\t\t\t\t\t\t<section class=\"elementor-section elementor-inner-section elementor-element elementor-element-2e75091 elementor-section-full_width elementor-section-height-default elementor-section-height-default row-top\" data-id=\"2e75091\" data-element_type=\"section\">\n\t\t\t\t\t\t<div class=\"elementor-container elementor-column-gap-default\">\n\t\t\t\t\t<div class=\"elementor-column elementor-col-33 elementor-inner-column elementor-element elementor-element-eac31d4 column-style-top\" data-id=\"eac31d4\" data-element_type=\"column\">\n\t\t\t<div class=\"elementor-widget-wrap elementor-element-populated\">\n\t\t\t\t\t\t<div class=\"elementor-element elementor-element-ee9e8a1 elementor-widget elementor-widget-image\" data-id=\"ee9e8a1\" data-element_type=\"widget\" data-widget_type=\"image.default\">\n\t\t\t\t<div class=\"elementor-widget-container\">\n\t\t\t\t\t\t\t\t\t\t\t\t\t<img fetchpriority=\"high\" decoding=\"async\" width=\"517\" height=\"339\" src=\"https:\/\/springschool.me\/wp-content\/uploads\/2025\/09\/spring-school-portal-do-professor-01.jpg\" class=\"attachment-full size-full wp-image-13770\" alt=\"\" srcset=\"https:\/\/springschool.me\/wp-content\/uploads\/2025\/09\/spring-school-portal-do-professor-01.jpg 517w, https:\/\/springschool.me\/wp-content\/uploads\/2025\/09\/spring-school-portal-do-professor-01-18x12.jpg 18w\" sizes=\"(max-width: 517px) 100vw, 517px\" \/>\t\t\t\t\t\t\t\t\t\t\t\t\t<\/div>\n\t\t\t\t<\/div>\n\t\t\t\t<div class=\"elementor-element elementor-element-767cdcf elementor-widget elementor-widget-heading\" data-id=\"767cdcf\" data-element_type=\"widget\" data-widget_type=\"heading.default\">\n\t\t\t\t<div class=\"elementor-widget-container\">\n\t\t\t<h2 class=\"elementor-heading-title elementor-size-default\">Documents for teacher integration processes<\/h2>\t\t<\/div>\n\t\t\t\t<\/div>\n\t\t\t\t<div class=\"elementor-element elementor-element-ddd772f elementor-widget elementor-widget-text-editor\" data-id=\"ddd772f\" data-element_type=\"widget\" data-widget_type=\"text-editor.default\">\n\t\t\t\t<div class=\"elementor-widget-container\">\n\t\t\t\t\t\t\t<p>General and institutional documents for the teacher integration process.<\/p>\t\t\t\t\t\t<\/div>\n\t\t\t\t<\/div>\n\t\t\t\t<div class=\"elementor-element elementor-element-50cb277 elementor-widget elementor-widget-button\" data-id=\"50cb277\" data-element_type=\"widget\" data-widget_type=\"button.default\">\n\t\t\t\t<div class=\"elementor-widget-container\">\n\t\t\t\t\t\t\t<div class=\"elementor-button-wrapper\">\n\t\t\t\t\t<a class=\"elementor-button elementor-button-link elementor-size-sm elementor-animation-grow\" href=\"https:\/\/springschool.me\/en\/documentos-para-processos-de-integracao-de-professores\/\">\n\t\t\t\t\t\t<span class=\"elementor-button-content-wrapper\">\n\t\t\t\t\t\t<span class=\"elementor-button-icon\">\n\t\t\t\t<i aria-hidden=\"true\" class=\"fas fa-angle-double-right\"><\/i>\t\t\t<\/span>\n\t\t\t\t\t\t\t\t\t<span class=\"elementor-button-text\">Access Documents<\/span>\n\t\t\t\t\t<\/span>\n\t\t\t\t\t<\/a>\n\t\t\t\t<\/div>\n\t\t\t\t\t\t<\/div>\n\t\t\t\t<\/div>\n\t\t\t\t\t<\/div>\n\t\t<\/div>\n\t\t\t\t<div class=\"elementor-column elementor-col-33 elementor-inner-column elementor-element elementor-element-56b015f column-style-top\" data-id=\"56b015f\" data-element_type=\"column\">\n\t\t\t<div class=\"elementor-widget-wrap elementor-element-populated\">\n\t\t\t\t\t\t<div class=\"elementor-element elementor-element-0fcc879 elementor-widget elementor-widget-image\" data-id=\"0fcc879\" data-element_type=\"widget\" data-widget_type=\"image.default\">\n\t\t\t\t<div class=\"elementor-widget-container\">\n\t\t\t\t\t\t\t\t\t\t\t\t\t<img decoding=\"async\" width=\"624\" height=\"416\" src=\"https:\/\/springschool.me\/wp-content\/uploads\/2025\/09\/spring-school-portal-do-professor-02.jpg\" class=\"attachment-full size-full wp-image-13771\" alt=\"\" srcset=\"https:\/\/springschool.me\/wp-content\/uploads\/2025\/09\/spring-school-portal-do-professor-02.jpg 624w, https:\/\/springschool.me\/wp-content\/uploads\/2025\/09\/spring-school-portal-do-professor-02-18x12.jpg 18w\" sizes=\"(max-width: 624px) 100vw, 624px\" \/>\t\t\t\t\t\t\t\t\t\t\t\t\t<\/div>\n\t\t\t\t<\/div>\n\t\t\t\t<div class=\"elementor-element elementor-element-ae0c4de elementor-widget elementor-widget-heading\" data-id=\"ae0c4de\" data-element_type=\"widget\" data-widget_type=\"heading.default\">\n\t\t\t\t<div class=\"elementor-widget-container\">\n\t\t\t<h2 class=\"elementor-heading-title elementor-size-default\">Spring School File Manager - English<\/h2>\t\t<\/div>\n\t\t\t\t<\/div>\n\t\t\t\t<div class=\"elementor-element elementor-element-47cf53c elementor-widget elementor-widget-text-editor\" data-id=\"47cf53c\" data-element_type=\"widget\" data-widget_type=\"text-editor.default\">\n\t\t\t\t<div class=\"elementor-widget-container\">\n\t\t\t\t\t\t\t<p>Files intended to support classes and their respective teaching materials.<\/p>\t\t\t\t\t\t<\/div>\n\t\t\t\t<\/div>\n\t\t\t\t<div class=\"elementor-element elementor-element-cc91ce4 elementor-tablet-align-left elementor-widget elementor-widget-button\" data-id=\"cc91ce4\" data-element_type=\"widget\" data-widget_type=\"button.default\">\n\t\t\t\t<div class=\"elementor-widget-container\">\n\t\t\t\t\t\t\t<div class=\"elementor-button-wrapper\">\n\t\t\t\t\t<a class=\"elementor-button elementor-button-link elementor-size-sm elementor-animation-grow\" href=\"https:\/\/springschool.me\/en\/gerenciador-de-arquivos-spring-school\/\">\n\t\t\t\t\t\t<span class=\"elementor-button-content-wrapper\">\n\t\t\t\t\t\t<span class=\"elementor-button-icon\">\n\t\t\t\t<i aria-hidden=\"true\" class=\"fas fa-angle-double-right\"><\/i>\t\t\t<\/span>\n\t\t\t\t\t\t\t\t\t<span class=\"elementor-button-text\">Access Documents<\/span>\n\t\t\t\t\t<\/span>\n\t\t\t\t\t<\/a>\n\t\t\t\t<\/div>\n\t\t\t\t\t\t<\/div>\n\t\t\t\t<\/div>\n\t\t\t\t\t<\/div>\n\t\t<\/div>\n\t\t\t\t<div class=\"elementor-column elementor-col-33 elementor-inner-column elementor-element elementor-element-e0a7272 column-style-top\" data-id=\"e0a7272\" data-element_type=\"column\">\n\t\t\t<div class=\"elementor-widget-wrap elementor-element-populated\">\n\t\t\t\t\t\t<div class=\"elementor-element elementor-element-e44d1b0 elementor-widget elementor-widget-image\" data-id=\"e44d1b0\" data-element_type=\"widget\" data-widget_type=\"image.default\">\n\t\t\t\t<div class=\"elementor-widget-container\">\n\t\t\t\t\t\t\t\t\t\t\t\t\t<img decoding=\"async\" width=\"516\" height=\"365\" src=\"https:\/\/springschool.me\/wp-content\/uploads\/2025\/09\/spring-school-portal-do-professor-03.jpg\" class=\"attachment-full size-full wp-image-13775\" alt=\"\" srcset=\"https:\/\/springschool.me\/wp-content\/uploads\/2025\/09\/spring-school-portal-do-professor-03.jpg 516w, https:\/\/springschool.me\/wp-content\/uploads\/2025\/09\/spring-school-portal-do-professor-03-18x12.jpg 18w\" sizes=\"(max-width: 516px) 100vw, 516px\" \/>\t\t\t\t\t\t\t\t\t\t\t\t\t<\/div>\n\t\t\t\t<\/div>\n\t\t\t\t<div class=\"elementor-element elementor-element-3356266 elementor-widget elementor-widget-heading\" data-id=\"3356266\" data-element_type=\"widget\" data-widget_type=\"heading.default\">\n\t\t\t\t<div class=\"elementor-widget-container\">\n\t\t\t<h2 class=\"elementor-heading-title elementor-size-default\">Spring School File Manager - Japanese<\/h2>\t\t<\/div>\n\t\t\t\t<\/div>\n\t\t\t\t<div class=\"elementor-element elementor-element-97ba468 elementor-widget elementor-widget-text-editor\" data-id=\"97ba468\" data-element_type=\"widget\" data-widget_type=\"text-editor.default\">\n\t\t\t\t<div class=\"elementor-widget-container\">\n\t\t\t\t\t\t\t<p>Files intended to support classes and their respective teaching materials.<\/p>\t\t\t\t\t\t<\/div>\n\t\t\t\t<\/div>\n\t\t\t\t<div class=\"elementor-element elementor-element-18145d7 elementor-tablet-align-left elementor-widget elementor-widget-button\" data-id=\"18145d7\" data-element_type=\"widget\" data-widget_type=\"button.default\">\n\t\t\t\t<div class=\"elementor-widget-container\">\n\t\t\t\t\t\t\t<div class=\"elementor-button-wrapper\">\n\t\t\t\t\t<a class=\"elementor-button elementor-button-link elementor-size-sm elementor-animation-grow\" href=\"https:\/\/springschool.me\/en\/arquivos-da-lingua-japonesa-spring-school\/\">\n\t\t\t\t\t\t<span class=\"elementor-button-content-wrapper\">\n\t\t\t\t\t\t<span class=\"elementor-button-icon\">\n\t\t\t\t<i aria-hidden=\"true\" class=\"fas fa-angle-double-right\"><\/i>\t\t\t<\/span>\n\t\t\t\t\t\t\t\t\t<span class=\"elementor-button-text\">Access Documents<\/span>\n\t\t\t\t\t<\/span>\n\t\t\t\t\t<\/a>\n\t\t\t\t<\/div>\n\t\t\t\t\t\t<\/div>\n\t\t\t\t<\/div>\n\t\t\t\t\t<\/div>\n\t\t<\/div>\n\t\t\t\t\t<\/div>\n\t\t<\/section>\n\t\t\t\t<section class=\"elementor-section elementor-inner-section elementor-element elementor-element-0c04aff elementor-section-boxed elementor-section-height-default elementor-section-height-default row-top\" data-id=\"0c04aff\" data-element_type=\"section\">\n\t\t\t\t\t\t<div class=\"elementor-container elementor-column-gap-default\">\n\t\t\t\t\t<div class=\"elementor-column elementor-col-33 elementor-inner-column elementor-element elementor-element-b1e5a90 column-style-top\" data-id=\"b1e5a90\" data-element_type=\"column\">\n\t\t\t<div class=\"elementor-widget-wrap elementor-element-populated\">\n\t\t\t\t\t\t<div class=\"elementor-element elementor-element-99c94e4 elementor-widget elementor-widget-image\" data-id=\"99c94e4\" data-element_type=\"widget\" data-widget_type=\"image.default\">\n\t\t\t\t<div class=\"elementor-widget-container\">\n\t\t\t\t\t\t\t\t\t\t\t\t\t<img loading=\"lazy\" decoding=\"async\" width=\"517\" height=\"339\" src=\"https:\/\/springschool.me\/wp-content\/uploads\/2025\/09\/spring-school-portal-do-professor-04.jpg\" class=\"attachment-full size-full wp-image-13798\" alt=\"\" srcset=\"https:\/\/springschool.me\/wp-content\/uploads\/2025\/09\/spring-school-portal-do-professor-04.jpg 517w, https:\/\/springschool.me\/wp-content\/uploads\/2025\/09\/spring-school-portal-do-professor-04-18x12.jpg 18w\" sizes=\"(max-width: 517px) 100vw, 517px\" \/>\t\t\t\t\t\t\t\t\t\t\t\t\t<\/div>\n\t\t\t\t<\/div>\n\t\t\t\t<div class=\"elementor-element elementor-element-1cfcb66 elementor-widget elementor-widget-heading\" data-id=\"1cfcb66\" data-element_type=\"widget\" data-widget_type=\"heading.default\">\n\t\t\t\t<div class=\"elementor-widget-container\">\n\t\t\t<h2 class=\"elementor-heading-title elementor-size-default\">Extra Content - Warmers<\/h2>\t\t<\/div>\n\t\t\t\t<\/div>\n\t\t\t\t<div class=\"elementor-element elementor-element-8693d00 elementor-widget elementor-widget-text-editor\" data-id=\"8693d00\" data-element_type=\"widget\" data-widget_type=\"text-editor.default\">\n\t\t\t\t<div class=\"elementor-widget-container\">\n\t\t\t\t\t\t\t<p>View\/download the support materials that will be used in classes.\u00a0<\/p>\t\t\t\t\t\t<\/div>\n\t\t\t\t<\/div>\n\t\t\t\t<div class=\"elementor-element elementor-element-eaa4a0e elementor-tablet-align-left elementor-widget elementor-widget-button\" data-id=\"eaa4a0e\" data-element_type=\"widget\" data-widget_type=\"button.default\">\n\t\t\t\t<div class=\"elementor-widget-container\">\n\t\t\t\t\t\t\t<div class=\"elementor-button-wrapper\">\n\t\t\t\t\t<a class=\"elementor-button elementor-button-link elementor-size-sm elementor-animation-grow\" href=\"https:\/\/springschool.me\/en\/conteudo-extra\/\">\n\t\t\t\t\t\t<span class=\"elementor-button-content-wrapper\">\n\t\t\t\t\t\t<span class=\"elementor-button-icon\">\n\t\t\t\t<i aria-hidden=\"true\" class=\"fas fa-angle-double-right\"><\/i>\t\t\t<\/span>\n\t\t\t\t\t\t\t\t\t<span class=\"elementor-button-text\">Access Documents<\/span>\n\t\t\t\t\t<\/span>\n\t\t\t\t\t<\/a>\n\t\t\t\t<\/div>\n\t\t\t\t\t\t<\/div>\n\t\t\t\t<\/div>\n\t\t\t\t\t<\/div>\n\t\t<\/div>\n\t\t\t\t<div class=\"elementor-column elementor-col-33 elementor-inner-column elementor-element elementor-element-6afdc20 column-style-top\" data-id=\"6afdc20\" data-element_type=\"column\">\n\t\t\t<div class=\"elementor-widget-wrap\">\n\t\t\t\t\t\t\t<\/div>\n\t\t<\/div>\n\t\t\t\t<div class=\"elementor-column elementor-col-33 elementor-inner-column elementor-element elementor-element-6d1977d column-style-top\" data-id=\"6d1977d\" data-element_type=\"column\">\n\t\t\t<div class=\"elementor-widget-wrap\">\n\t\t\t\t\t\t\t<\/div>\n\t\t<\/div>\n\t\t\t\t\t<\/div>\n\t\t<\/section>\n\t\t\t\t\t<\/div>\n\t\t<\/div>\n\t\t\t\t\t<\/div>\n\t\t<\/section>\n\t\t\t\t<\/div>","protected":false},"excerpt":{"rendered":"<p>Documentos para processos de integra\u00e7\u00e3o de professores Documentos gerais e institucionais para o processo de integra\u00e7\u00e3o dos professores. Acessar Documentos Gerenciador de Arquivos Spring School &#8211; Ingl\u00eas Arquivos destinados ao [&hellip;]<\/p>","protected":false},"author":1,"featured_media":8900,"parent":0,"menu_order":0,"comment_status":"closed","ping_status":"closed","template":"","meta":{"footnotes":""},"class_list":["post-13738","page","type-page","status-publish","has-post-thumbnail","hentry"],"yoast_head":"<!-- This site is optimized with the Yoast SEO plugin v24.0 - https:\/\/yoast.com\/wordpress\/plugins\/seo\/ -->\n<title>Portal do Professor - Spring School<\/title>\n<meta name=\"robots\" content=\"index, follow, max-snippet:-1, max-image-preview:large, max-video-preview:-1\" \/>\n<link rel=\"canonical\" href=\"https:\/\/springschool.me\/en\/portal-do-professor\/\" \/>\n<meta property=\"og:locale\" content=\"en_US\" \/>\n<meta property=\"og:type\" content=\"article\" \/>\n<meta property=\"og:title\" content=\"Portal do Professor - Spring School\" \/>\n<meta property=\"og:description\" content=\"Documentos para processos de integra\u00e7\u00e3o de professores Documentos gerais e institucionais para o processo de integra\u00e7\u00e3o dos professores. Acessar Documentos Gerenciador de Arquivos Spring School &#8211; Ingl\u00eas Arquivos destinados ao [&hellip;]\" \/>\n<meta property=\"og:url\" content=\"https:\/\/springschool.me\/en\/portal-do-professor\/\" \/>\n<meta property=\"og:site_name\" content=\"Spring School\" \/>\n<meta property=\"article:modified_time\" content=\"2025-09-09T17:56:03+00:00\" \/>\n<meta property=\"og:image\" content=\"https:\/\/springschool.me\/wp-content\/uploads\/2020\/12\/cropped-favicon.png\" \/>\n\t<meta property=\"og:image:width\" content=\"512\" \/>\n\t<meta property=\"og:image:height\" content=\"512\" \/>\n\t<meta property=\"og:image:type\" content=\"image\/png\" \/>\n<meta name=\"twitter:card\" content=\"summary_large_image\" \/>\n<meta name=\"twitter:label1\" content=\"Est. reading time\" \/>\n\t<meta name=\"twitter:data1\" content=\"2 minutes\" \/>\n<script type=\"application\/ld+json\" class=\"yoast-schema-graph\">{\"@context\":\"https:\/\/schema.org\",\"@graph\":[{\"@type\":\"WebPage\",\"@id\":\"https:\/\/springschool.me\/portal-do-professor\/\",\"url\":\"https:\/\/springschool.me\/portal-do-professor\/\",\"name\":\"Portal do Professor - Spring School\",\"isPartOf\":{\"@id\":\"https:\/\/springschool.me\/#website\"},\"primaryImageOfPage\":{\"@id\":\"https:\/\/springschool.me\/portal-do-professor\/#primaryimage\"},\"image\":{\"@id\":\"https:\/\/springschool.me\/portal-do-professor\/#primaryimage\"},\"thumbnailUrl\":\"https:\/\/springschool.me\/wp-content\/uploads\/2020\/12\/cropped-favicon.png\",\"datePublished\":\"2025-09-08T14:05:54+00:00\",\"dateModified\":\"2025-09-09T17:56:03+00:00\",\"breadcrumb\":{\"@id\":\"https:\/\/springschool.me\/portal-do-professor\/#breadcrumb\"},\"inLanguage\":\"en-US\",\"potentialAction\":[{\"@type\":\"ReadAction\",\"target\":[\"https:\/\/springschool.me\/portal-do-professor\/\"]}]},{\"@type\":\"ImageObject\",\"inLanguage\":\"en-US\",\"@id\":\"https:\/\/springschool.me\/portal-do-professor\/#primaryimage\",\"url\":\"https:\/\/springschool.me\/wp-content\/uploads\/2020\/12\/cropped-favicon.png\",\"contentUrl\":\"https:\/\/springschool.me\/wp-content\/uploads\/2020\/12\/cropped-favicon.png\",\"width\":512,\"height\":512},{\"@type\":\"BreadcrumbList\",\"@id\":\"https:\/\/springschool.me\/portal-do-professor\/#breadcrumb\",\"itemListElement\":[{\"@type\":\"ListItem\",\"position\":1,\"name\":\"In\u00edcio\",\"item\":\"https:\/\/springschool.me\/\"},{\"@type\":\"ListItem\",\"position\":2,\"name\":\"Portal do Professor\"}]},{\"@type\":\"WebSite\",\"@id\":\"https:\/\/springschool.me\/#website\",\"url\":\"https:\/\/springschool.me\/\",\"name\":\"Spring School\",\"description\":\"Escola de Idiomas. Cursos para crian\u00e7as, adolescentes e adutos\",\"potentialAction\":[{\"@type\":\"SearchAction\",\"target\":{\"@type\":\"EntryPoint\",\"urlTemplate\":\"https:\/\/springschool.me\/?s={search_term_string}\"},\"query-input\":{\"@type\":\"PropertyValueSpecification\",\"valueRequired\":true,\"valueName\":\"search_term_string\"}}],\"inLanguage\":\"en-US\"}]}<\/script>\n<!-- \/ Yoast SEO plugin. -->","yoast_head_json":{"title":"Portal do Professor - Spring School","robots":{"index":"index","follow":"follow","max-snippet":"max-snippet:-1","max-image-preview":"max-image-preview:large","max-video-preview":"max-video-preview:-1"},"canonical":"https:\/\/springschool.me\/en\/portal-do-professor\/","og_locale":"en_US","og_type":"article","og_title":"Portal do Professor - Spring School","og_description":"Documentos para processos de integra\u00e7\u00e3o de professores Documentos gerais e institucionais para o processo de integra\u00e7\u00e3o dos professores. Acessar Documentos Gerenciador de Arquivos Spring School &#8211; Ingl\u00eas Arquivos destinados ao [&hellip;]","og_url":"https:\/\/springschool.me\/en\/portal-do-professor\/","og_site_name":"Spring School","article_modified_time":"2025-09-09T17:56:03+00:00","og_image":[{"width":512,"height":512,"url":"https:\/\/springschool.me\/wp-content\/uploads\/2020\/12\/cropped-favicon.png","type":"image\/png"}],"twitter_card":"summary_large_image","twitter_misc":{"Est. reading time":"2 minutes"},"schema":{"@context":"https:\/\/schema.org","@graph":[{"@type":"WebPage","@id":"https:\/\/springschool.me\/portal-do-professor\/","url":"https:\/\/springschool.me\/portal-do-professor\/","name":"Portal do Professor - Spring School","isPartOf":{"@id":"https:\/\/springschool.me\/#website"},"primaryImageOfPage":{"@id":"https:\/\/springschool.me\/portal-do-professor\/#primaryimage"},"image":{"@id":"https:\/\/springschool.me\/portal-do-professor\/#primaryimage"},"thumbnailUrl":"https:\/\/springschool.me\/wp-content\/uploads\/2020\/12\/cropped-favicon.png","datePublished":"2025-09-08T14:05:54+00:00","dateModified":"2025-09-09T17:56:03+00:00","breadcrumb":{"@id":"https:\/\/springschool.me\/portal-do-professor\/#breadcrumb"},"inLanguage":"en-US","potentialAction":[{"@type":"ReadAction","target":["https:\/\/springschool.me\/portal-do-professor\/"]}]},{"@type":"ImageObject","inLanguage":"en-US","@id":"https:\/\/springschool.me\/portal-do-professor\/#primaryimage","url":"https:\/\/springschool.me\/wp-content\/uploads\/2020\/12\/cropped-favicon.png","contentUrl":"https:\/\/springschool.me\/wp-content\/uploads\/2020\/12\/cropped-favicon.png","width":512,"height":512},{"@type":"BreadcrumbList","@id":"https:\/\/springschool.me\/portal-do-professor\/#breadcrumb","itemListElement":[{"@type":"ListItem","position":1,"name":"In\u00edcio","item":"https:\/\/springschool.me\/"},{"@type":"ListItem","position":2,"name":"Portal do Professor"}]},{"@type":"WebSite","@id":"https:\/\/springschool.me\/#website","url":"https:\/\/springschool.me\/","name":"Spring School","description":"Escola de Idiomas. Cursos para crian\u00e7as, adolescentes e adutos","potentialAction":[{"@type":"SearchAction","target":{"@type":"EntryPoint","urlTemplate":"https:\/\/springschool.me\/?s={search_term_string}"},"query-input":{"@type":"PropertyValueSpecification","valueRequired":true,"valueName":"search_term_string"}}],"inLanguage":"en-US"}]}},"_links":{"self":[{"href":"https:\/\/springschool.me\/en\/wp-json\/wp\/v2\/pages\/13738","targetHints":{"allow":["GET"]}}],"collection":[{"href":"https:\/\/springschool.me\/en\/wp-json\/wp\/v2\/pages"}],"about":[{"href":"https:\/\/springschool.me\/en\/wp-json\/wp\/v2\/types\/page"}],"author":[{"embeddable":true,"href":"https:\/\/springschool.me\/en\/wp-json\/wp\/v2\/users\/1"}],"replies":[{"embeddable":true,"href":"https:\/\/springschool.me\/en\/wp-json\/wp\/v2\/comments?post=13738"}],"version-history":[{"count":58,"href":"https:\/\/springschool.me\/en\/wp-json\/wp\/v2\/pages\/13738\/revisions"}],"predecessor-version":[{"id":13808,"href":"https:\/\/springschool.me\/en\/wp-json\/wp\/v2\/pages\/13738\/revisions\/13808"}],"wp:featuredmedia":[{"embeddable":true,"href":"https:\/\/springschool.me\/en\/wp-json\/wp\/v2\/media\/8900"}],"wp:attachment":[{"href":"https:\/\/springschool.me\/en\/wp-json\/wp\/v2\/media?parent=13738"}],"curies":[{"name":"wp","href":"https:\/\/api.w.org\/{rel}","templated":true}]}}