{"id":13634,"date":"2025-09-04T14:36:28","date_gmt":"2025-09-04T17:36:28","guid":{"rendered":"https:\/\/springschool.me\/?page_id=13634"},"modified":"2025-09-08T13:02:35","modified_gmt":"2025-09-08T16:02:35","slug":"documentos-para-processos-de-integracao-de-professores","status":"publish","type":"page","link":"https:\/\/springschool.me\/en\/documentos-para-processos-de-integracao-de-professores\/","title":{"rendered":"Documents for teacher integration processes"},"content":{"rendered":"","protected":true},"excerpt":{"rendered":"","protected":true},"author":1,"featured_media":11215,"parent":0,"menu_order":0,"comment_status":"closed","ping_status":"closed","template":"","meta":{"footnotes":""},"class_list":["post-13634","page","type-page","status-publish","post-password-required","hentry"],"yoast_head":"<!-- This site is optimized with the Yoast SEO plugin v24.0 - https:\/\/yoast.com\/wordpress\/plugins\/seo\/ -->\n<title>Documentos para processos de integra\u00e7\u00e3o de professores - Spring School<\/title>\n<meta name=\"description\" content=\"Nessa p\u00e1gina os Springers Teachers contar\u00e3o com manuais e documentos para o seu processo de integra\u00e7\u00e3o com nossa escola de idiomas.\" \/>\n<meta name=\"robots\" content=\"index, follow, max-snippet:-1, max-image-preview:large, max-video-preview:-1\" \/>\n<link rel=\"canonical\" href=\"https:\/\/springschool.me\/en\/documentos-para-processos-de-integracao-de-professores\/\" \/>\n<meta property=\"og:locale\" content=\"en_US\" \/>\n<meta property=\"og:type\" content=\"article\" \/>\n<meta property=\"og:title\" content=\"Documentos para processos de integra\u00e7\u00e3o de professores - Spring School\" \/>\n<meta property=\"og:description\" content=\"Nessa p\u00e1gina os Springers Teachers contar\u00e3o com manuais e documentos para o seu processo de integra\u00e7\u00e3o com nossa escola de idiomas.\" \/>\n<meta property=\"og:url\" content=\"https:\/\/springschool.me\/en\/documentos-para-processos-de-integracao-de-professores\/\" \/>\n<meta property=\"og:site_name\" content=\"Spring School\" \/>\n<meta property=\"article:modified_time\" content=\"2025-09-08T16:02:35+00:00\" \/>\n<meta name=\"twitter:card\" content=\"summary_large_image\" \/>\n<meta name=\"twitter:label1\" content=\"Est. reading time\" \/>\n\t<meta name=\"twitter:data1\" content=\"3 minutes\" \/>\n<script type=\"application\/ld+json\" class=\"yoast-schema-graph\">{\"@context\":\"https:\/\/schema.org\",\"@graph\":[{\"@type\":\"WebPage\",\"@id\":\"https:\/\/springschool.me\/documentos-para-processos-de-integracao-de-professores\/\",\"url\":\"https:\/\/springschool.me\/documentos-para-processos-de-integracao-de-professores\/\",\"name\":\"Documentos para processos de integra\u00e7\u00e3o de professores - Spring School\",\"isPartOf\":{\"@id\":\"https:\/\/springschool.me\/#website\"},\"datePublished\":\"2025-09-04T17:36:28+00:00\",\"dateModified\":\"2025-09-08T16:02:35+00:00\",\"breadcrumb\":{\"@id\":\"https:\/\/springschool.me\/documentos-para-processos-de-integracao-de-professores\/#breadcrumb\"},\"inLanguage\":\"en-US\"},{\"@type\":\"WebSite\",\"@id\":\"https:\/\/springschool.me\/#website\",\"url\":\"https:\/\/springschool.me\/\",\"name\":\"Spring School\",\"description\":\"Escola de Idiomas. Cursos para crian\u00e7as, adolescentes e adutos\",\"potentialAction\":[{\"@type\":\"SearchAction\",\"target\":{\"@type\":\"EntryPoint\",\"urlTemplate\":\"https:\/\/springschool.me\/?s={search_term_string}\"},\"query-input\":{\"@type\":\"PropertyValueSpecification\",\"valueRequired\":true,\"valueName\":\"search_term_string\"}}],\"inLanguage\":\"en-US\"}]}<\/script>\n<!-- \/ Yoast SEO plugin. -->","yoast_head_json":{"title":"Documentos para processos de integra\u00e7\u00e3o de professores - Spring School","description":"Nessa p\u00e1gina os Springers Teachers contar\u00e3o com manuais e documentos para o seu processo de integra\u00e7\u00e3o com nossa escola de idiomas.","robots":{"index":"index","follow":"follow","max-snippet":"max-snippet:-1","max-image-preview":"max-image-preview:large","max-video-preview":"max-video-preview:-1"},"canonical":"https:\/\/springschool.me\/en\/documentos-para-processos-de-integracao-de-professores\/","og_locale":"en_US","og_type":"article","og_title":"Documentos para processos de integra\u00e7\u00e3o de professores - Spring School","og_description":"Nessa p\u00e1gina os Springers Teachers contar\u00e3o com manuais e documentos para o seu processo de integra\u00e7\u00e3o com nossa escola de idiomas.","og_url":"https:\/\/springschool.me\/en\/documentos-para-processos-de-integracao-de-professores\/","og_site_name":"Spring School","article_modified_time":"2025-09-08T16:02:35+00:00","twitter_card":"summary_large_image","twitter_misc":{"Est. reading time":"3 minutes"},"schema":{"@context":"https:\/\/schema.org","@graph":[{"@type":"WebPage","@id":"https:\/\/springschool.me\/documentos-para-processos-de-integracao-de-professores\/","url":"https:\/\/springschool.me\/documentos-para-processos-de-integracao-de-professores\/","name":"Documentos para processos de integra\u00e7\u00e3o de professores - Spring School","isPartOf":{"@id":"https:\/\/springschool.me\/#website"},"datePublished":"2025-09-04T17:36:28+00:00","dateModified":"2025-09-08T16:02:35+00:00","breadcrumb":{"@id":"https:\/\/springschool.me\/documentos-para-processos-de-integracao-de-professores\/#breadcrumb"},"inLanguage":"en-US"},{"@type":"WebSite","@id":"https:\/\/springschool.me\/#website","url":"https:\/\/springschool.me\/","name":"Spring School","description":"Escola de Idiomas. Cursos para crian\u00e7as, adolescentes e adutos","potentialAction":[{"@type":"SearchAction","target":{"@type":"EntryPoint","urlTemplate":"https:\/\/springschool.me\/?s={search_term_string}"},"query-input":{"@type":"PropertyValueSpecification","valueRequired":true,"valueName":"search_term_string"}}],"inLanguage":"en-US"}]}},"_links":{"self":[{"href":"https:\/\/springschool.me\/en\/wp-json\/wp\/v2\/pages\/13634","targetHints":{"allow":["GET"]}}],"collection":[{"href":"https:\/\/springschool.me\/en\/wp-json\/wp\/v2\/pages"}],"about":[{"href":"https:\/\/springschool.me\/en\/wp-json\/wp\/v2\/types\/page"}],"author":[{"embeddable":true,"href":"https:\/\/springschool.me\/en\/wp-json\/wp\/v2\/users\/1"}],"replies":[{"embeddable":true,"href":"https:\/\/springschool.me\/en\/wp-json\/wp\/v2\/comments?post=13634"}],"version-history":[{"count":77,"href":"https:\/\/springschool.me\/en\/wp-json\/wp\/v2\/pages\/13634\/revisions"}],"predecessor-version":[{"id":13731,"href":"https:\/\/springschool.me\/en\/wp-json\/wp\/v2\/pages\/13634\/revisions\/13731"}],"wp:featuredmedia":[{"embeddable":true,"href":"https:\/\/springschool.me\/en\/wp-json\/wp\/v2\/media\/11215"}],"wp:attachment":[{"href":"https:\/\/springschool.me\/en\/wp-json\/wp\/v2\/media?parent=13634"}],"curies":[{"name":"wp","href":"https:\/\/api.w.org\/{rel}","templated":true}]}}