{"id":12185,"date":"2024-07-23T12:09:47","date_gmt":"2024-07-23T15:09:47","guid":{"rendered":"https:\/\/springschool.me\/?page_id=12185"},"modified":"2025-09-09T14:48:10","modified_gmt":"2025-09-09T17:48:10","slug":"conteudo-extra","status":"publish","type":"page","link":"https:\/\/springschool.me\/en\/conteudo-extra\/","title":{"rendered":"Conte\u00fado Extra"},"content":{"rendered":"","protected":true},"excerpt":{"rendered":"","protected":true},"author":1,"featured_media":11215,"parent":0,"menu_order":0,"comment_status":"closed","ping_status":"closed","template":"","meta":{"footnotes":""},"class_list":["post-12185","page","type-page","status-publish","post-password-required","hentry"],"yoast_head":"<!-- This site is optimized with the Yoast SEO plugin v24.0 - https:\/\/yoast.com\/wordpress\/plugins\/seo\/ -->\n<title>Conte\u00fado Extra - Spring School<\/title>\n<meta name=\"description\" content=\"P\u00e1gina dedicada para Conte\u00fado Extra Spring School e material de apoio as aulas. Acesse e fa\u00e7a o download do material necess\u00e1rio.\" \/>\n<meta name=\"robots\" content=\"noindex, nofollow\" \/>\n<meta property=\"og:locale\" content=\"en_US\" \/>\n<meta property=\"og:type\" content=\"article\" \/>\n<meta property=\"og:title\" content=\"Conte\u00fado Extra - Spring School\" \/>\n<meta property=\"og:description\" content=\"P\u00e1gina dedicada para Conte\u00fado Extra Spring School e material de apoio as aulas. Acesse e fa\u00e7a o download do material necess\u00e1rio.\" \/>\n<meta property=\"og:url\" content=\"https:\/\/springschool.me\/en\/conteudo-extra\/\" \/>\n<meta property=\"og:site_name\" content=\"Spring School\" \/>\n<meta property=\"article:modified_time\" content=\"2025-09-09T17:48:10+00:00\" \/>\n<meta name=\"twitter:card\" content=\"summary_large_image\" \/>\n<meta name=\"twitter:label1\" content=\"Est. reading time\" \/>\n\t<meta name=\"twitter:data1\" content=\"47 minutes\" \/>\n<script type=\"application\/ld+json\" class=\"yoast-schema-graph\">{\"@context\":\"https:\/\/schema.org\",\"@graph\":[{\"@type\":\"WebPage\",\"@id\":\"https:\/\/springschool.me\/conteudo-extra\/\",\"url\":\"https:\/\/springschool.me\/conteudo-extra\/\",\"name\":\"Conte\u00fado Extra - Spring School\",\"isPartOf\":{\"@id\":\"https:\/\/springschool.me\/#website\"},\"datePublished\":\"2024-07-23T15:09:47+00:00\",\"dateModified\":\"2025-09-09T17:48:10+00:00\",\"breadcrumb\":{\"@id\":\"https:\/\/springschool.me\/conteudo-extra\/#breadcrumb\"},\"inLanguage\":\"en-US\"},{\"@type\":\"WebSite\",\"@id\":\"https:\/\/springschool.me\/#website\",\"url\":\"https:\/\/springschool.me\/\",\"name\":\"Spring School\",\"description\":\"Escola de Idiomas. Cursos para crian\u00e7as, adolescentes e adutos\",\"potentialAction\":[{\"@type\":\"SearchAction\",\"target\":{\"@type\":\"EntryPoint\",\"urlTemplate\":\"https:\/\/springschool.me\/?s={search_term_string}\"},\"query-input\":{\"@type\":\"PropertyValueSpecification\",\"valueRequired\":true,\"valueName\":\"search_term_string\"}}],\"inLanguage\":\"en-US\"}]}<\/script>\n<!-- \/ Yoast SEO plugin. -->","yoast_head_json":{"title":"Conte\u00fado Extra - Spring School","description":"P\u00e1gina dedicada para Conte\u00fado Extra Spring School e material de apoio as aulas. Acesse e fa\u00e7a o download do material necess\u00e1rio.","robots":{"index":"noindex","follow":"nofollow"},"og_locale":"en_US","og_type":"article","og_title":"Conte\u00fado Extra - Spring School","og_description":"P\u00e1gina dedicada para Conte\u00fado Extra Spring School e material de apoio as aulas. Acesse e fa\u00e7a o download do material necess\u00e1rio.","og_url":"https:\/\/springschool.me\/en\/conteudo-extra\/","og_site_name":"Spring School","article_modified_time":"2025-09-09T17:48:10+00:00","twitter_card":"summary_large_image","twitter_misc":{"Est. reading time":"47 minutes"},"schema":{"@context":"https:\/\/schema.org","@graph":[{"@type":"WebPage","@id":"https:\/\/springschool.me\/conteudo-extra\/","url":"https:\/\/springschool.me\/conteudo-extra\/","name":"Conte\u00fado Extra - Spring School","isPartOf":{"@id":"https:\/\/springschool.me\/#website"},"datePublished":"2024-07-23T15:09:47+00:00","dateModified":"2025-09-09T17:48:10+00:00","breadcrumb":{"@id":"https:\/\/springschool.me\/conteudo-extra\/#breadcrumb"},"inLanguage":"en-US"},{"@type":"WebSite","@id":"https:\/\/springschool.me\/#website","url":"https:\/\/springschool.me\/","name":"Spring School","description":"Escola de Idiomas. Cursos para crian\u00e7as, adolescentes e adutos","potentialAction":[{"@type":"SearchAction","target":{"@type":"EntryPoint","urlTemplate":"https:\/\/springschool.me\/?s={search_term_string}"},"query-input":{"@type":"PropertyValueSpecification","valueRequired":true,"valueName":"search_term_string"}}],"inLanguage":"en-US"}]}},"_links":{"self":[{"href":"https:\/\/springschool.me\/en\/wp-json\/wp\/v2\/pages\/12185","targetHints":{"allow":["GET"]}}],"collection":[{"href":"https:\/\/springschool.me\/en\/wp-json\/wp\/v2\/pages"}],"about":[{"href":"https:\/\/springschool.me\/en\/wp-json\/wp\/v2\/types\/page"}],"author":[{"embeddable":true,"href":"https:\/\/springschool.me\/en\/wp-json\/wp\/v2\/users\/1"}],"replies":[{"embeddable":true,"href":"https:\/\/springschool.me\/en\/wp-json\/wp\/v2\/comments?post=12185"}],"version-history":[{"count":25,"href":"https:\/\/springschool.me\/en\/wp-json\/wp\/v2\/pages\/12185\/revisions"}],"predecessor-version":[{"id":13802,"href":"https:\/\/springschool.me\/en\/wp-json\/wp\/v2\/pages\/12185\/revisions\/13802"}],"wp:featuredmedia":[{"embeddable":true,"href":"https:\/\/springschool.me\/en\/wp-json\/wp\/v2\/media\/11215"}],"wp:attachment":[{"href":"https:\/\/springschool.me\/en\/wp-json\/wp\/v2\/media?parent=12185"}],"curies":[{"name":"wp","href":"https:\/\/api.w.org\/{rel}","templated":true}]}}